{"id":1214,"date":"2015-05-21T08:07:16","date_gmt":"2015-05-21T07:07:16","guid":{"rendered":"http:\/\/unda.be\/?page_id=1214"},"modified":"2016-07-08T12:30:53","modified_gmt":"2016-07-08T11:30:53","slug":"our-contact-details","status":"publish","type":"page","link":"http:\/\/www.unda.be\/en\/contact-2\/our-contact-details\/","title":{"rendered":"Our contact details"},"content":{"rendered":"<noscript class=\"ninja-forms-noscript-message\">\n\tNotice: JavaScript is required for this content.<\/noscript>\nNo Fields Found.<div id=\"nf-form-1-cont\" class=\"nf-form-cont\" aria-live=\"polite\" aria-labelledby=\"nf-form-title-1\" aria-describedby=\"nf-form-errors-1\" role=\"form\">\n\n    <div class=\"nf-loading-spinner\"><\/div>\n\n<\/div>\n        <!-- That data is being printed as a workaround to page builders reordering the order of the scripts loaded-->\n        <script>var formDisplay=1;var nfForms=nfForms||[];var form=[];form.id='1';form.settings={\"ninjaForms\":\"Ninja Forms\",\"changeEmailErrorMsg\":\"Please enter a valid email address!\",\"changeDateErrorMsg\":\"Please enter a valid date!\",\"confirmFieldErrorMsg\":\"These fields must match!\",\"fieldNumberNumMinError\":\"Number Min Error\",\"fieldNumberNumMaxError\":\"Number Max Error\",\"fieldNumberIncrementBy\":\"Please increment by \",\"fieldTextareaRTEInsertLink\":\"Insert Link\",\"fieldTextareaRTEInsertMedia\":\"Insert Media\",\"fieldTextareaRTESelectAFile\":\"Select a file\",\"formErrorsCorrectErrors\":\"Please correct errors before submitting this form.\",\"formHoneypot\":\"If you are a human seeing this field, please leave it empty.\",\"validateRequiredField\":\"This is a required field.\",\"honeypotHoneypotError\":\"Honeypot Error\",\"fileUploadOldCodeFileUploadInProgress\":\"File Upload in Progress.\",\"fileUploadOldCodeFileUpload\":\"FILE UPLOAD\",\"currencySymbol\":\"$\",\"fieldsMarkedRequired\":\"Fields marked with an <span class=\\\"ninja-forms-req-symbol\\\">*<\\\/span> are required\",\"thousands_sep\":\",\",\"decimal_point\":\".\",\"siteLocale\":\"en_US\",\"dateFormat\":\"d\\\/m\\\/Y\",\"startOfWeek\":\"1\",\"of\":\"of\",\"previousMonth\":\"Previous Month\",\"nextMonth\":\"Next Month\",\"months\":[\"January\",\"February\",\"March\",\"April\",\"May\",\"June\",\"July\",\"August\",\"September\",\"October\",\"November\",\"December\"],\"monthsShort\":[\"Jan\",\"Feb\",\"Mar\",\"Apr\",\"May\",\"Jun\",\"Jul\",\"Aug\",\"Sep\",\"Oct\",\"Nov\",\"Dec\"],\"weekdays\":[\"Sunday\",\"Monday\",\"Tuesday\",\"Wednesday\",\"Thursday\",\"Friday\",\"Saturday\"],\"weekdaysShort\":[\"Sun\",\"Mon\",\"Tue\",\"Wed\",\"Thu\",\"Fri\",\"Sat\"],\"weekdaysMin\":[\"Su\",\"Mo\",\"Tu\",\"We\",\"Th\",\"Fr\",\"Sa\"],\"recaptchaConsentMissing\":\"reCaptcha validation couldn&#039;t load.\",\"recaptchaMissingCookie\":\"reCaptcha v3 validation couldn&#039;t load the cookie needed to submit the form.\",\"recaptchaConsentEvent\":\"Accept reCaptcha cookies before sending the form.\",\"embed_form\":\"\",\"currency_symbol\":\"\",\"title\":\"\",\"beforeForm\":\"\",\"beforeFields\":\"\",\"afterFields\":\"\",\"afterForm\":\"\"};form.fields=[];nfForms.push(form);<\/script>\n        \n<address><img loading=\"lazy\" decoding=\"async\" class=\"alignnone size-full wp-image-760\" src=\"\/wp-content\/uploads\/2015\/01\/logo.png\" alt=\"logo\" width=\"75\" height=\"75\" \/><br \/>\nRue de Lorc\u00e9 45<br \/>\n4920 Harz\u00e9<br \/>\nBelgium<\/p>\n<p>T\u00e9l. : 04\/384.43.09<\/p><\/address>\n","protected":false},"excerpt":{"rendered":"<p>Rue de Lorc\u00e9 45 4920 Harz\u00e9 Belgium T\u00e9l. : 04\/384.43.09<\/p>\n","protected":false},"author":1,"featured_media":0,"parent":1227,"menu_order":0,"comment_status":"open","ping_status":"open","template":"page-templates\/menu aside.php","meta":{"footnotes":""},"class_list":["post-1214","page","type-page","status-publish","hentry"],"yoast_head":"<!-- This site is optimized with the Yoast SEO plugin v27.4 - https:\/\/yoast.com\/product\/yoast-seo-wordpress\/ -->\n<title>Our contact details - Unda<\/title>\n<meta name=\"robots\" content=\"index, follow, max-snippet:-1, max-image-preview:large, max-video-preview:-1\" \/>\n<link rel=\"canonical\" href=\"http:\/\/www.unda.be\/en\/contact-2\/our-contact-details\/\" \/>\n<meta property=\"og:locale\" content=\"en_US\" \/>\n<meta property=\"og:type\" content=\"article\" \/>\n<meta property=\"og:title\" content=\"Our contact details - Unda\" \/>\n<meta property=\"og:description\" content=\"Rue de Lorc\u00e9 45 4920 Harz\u00e9 Belgium T\u00e9l. : 04\/384.43.09\" \/>\n<meta property=\"og:url\" content=\"http:\/\/www.unda.be\/en\/contact-2\/our-contact-details\/\" \/>\n<meta property=\"og:site_name\" content=\"Unda\" \/>\n<meta property=\"article:modified_time\" content=\"2016-07-08T11:30:53+00:00\" \/>\n<meta name=\"twitter:card\" content=\"summary_large_image\" \/>\n<script type=\"application\/ld+json\" class=\"yoast-schema-graph\">{\"@context\":\"https:\\\/\\\/schema.org\",\"@graph\":[{\"@type\":\"WebPage\",\"@id\":\"http:\\\/\\\/www.unda.be\\\/en\\\/contact-2\\\/our-contact-details\\\/\",\"url\":\"http:\\\/\\\/www.unda.be\\\/en\\\/contact-2\\\/our-contact-details\\\/\",\"name\":\"Our contact details - Unda\",\"isPartOf\":{\"@id\":\"http:\\\/\\\/www.unda.be\\\/#website\"},\"datePublished\":\"2015-05-21T07:07:16+00:00\",\"dateModified\":\"2016-07-08T11:30:53+00:00\",\"breadcrumb\":{\"@id\":\"http:\\\/\\\/www.unda.be\\\/en\\\/contact-2\\\/our-contact-details\\\/#breadcrumb\"},\"inLanguage\":\"en-US\",\"potentialAction\":[{\"@type\":\"ReadAction\",\"target\":[\"http:\\\/\\\/www.unda.be\\\/en\\\/contact-2\\\/our-contact-details\\\/\"]}]},{\"@type\":\"BreadcrumbList\",\"@id\":\"http:\\\/\\\/www.unda.be\\\/en\\\/contact-2\\\/our-contact-details\\\/#breadcrumb\",\"itemListElement\":[{\"@type\":\"ListItem\",\"position\":1,\"name\":\"Accueil\",\"item\":\"http:\\\/\\\/www.unda.be\\\/en\\\/\"},{\"@type\":\"ListItem\",\"position\":2,\"name\":\"Contact\",\"item\":\"http:\\\/\\\/www.unda.be\\\/en\\\/contact-2\\\/our-contact-details\\\/\"},{\"@type\":\"ListItem\",\"position\":3,\"name\":\"Our contact details\"}]},{\"@type\":\"WebSite\",\"@id\":\"http:\\\/\\\/www.unda.be\\\/#website\",\"url\":\"http:\\\/\\\/www.unda.be\\\/\",\"name\":\"Unda\",\"description\":\"\",\"potentialAction\":[{\"@type\":\"SearchAction\",\"target\":{\"@type\":\"EntryPoint\",\"urlTemplate\":\"http:\\\/\\\/www.unda.be\\\/?s={search_term_string}\"},\"query-input\":{\"@type\":\"PropertyValueSpecification\",\"valueRequired\":true,\"valueName\":\"search_term_string\"}}],\"inLanguage\":\"en-US\"}]}<\/script>\n<!-- \/ Yoast SEO plugin. -->","yoast_head_json":{"title":"Our contact details - Unda","robots":{"index":"index","follow":"follow","max-snippet":"max-snippet:-1","max-image-preview":"max-image-preview:large","max-video-preview":"max-video-preview:-1"},"canonical":"http:\/\/www.unda.be\/en\/contact-2\/our-contact-details\/","og_locale":"en_US","og_type":"article","og_title":"Our contact details - Unda","og_description":"Rue de Lorc\u00e9 45 4920 Harz\u00e9 Belgium T\u00e9l. : 04\/384.43.09","og_url":"http:\/\/www.unda.be\/en\/contact-2\/our-contact-details\/","og_site_name":"Unda","article_modified_time":"2016-07-08T11:30:53+00:00","twitter_card":"summary_large_image","schema":{"@context":"https:\/\/schema.org","@graph":[{"@type":"WebPage","@id":"http:\/\/www.unda.be\/en\/contact-2\/our-contact-details\/","url":"http:\/\/www.unda.be\/en\/contact-2\/our-contact-details\/","name":"Our contact details - Unda","isPartOf":{"@id":"http:\/\/www.unda.be\/#website"},"datePublished":"2015-05-21T07:07:16+00:00","dateModified":"2016-07-08T11:30:53+00:00","breadcrumb":{"@id":"http:\/\/www.unda.be\/en\/contact-2\/our-contact-details\/#breadcrumb"},"inLanguage":"en-US","potentialAction":[{"@type":"ReadAction","target":["http:\/\/www.unda.be\/en\/contact-2\/our-contact-details\/"]}]},{"@type":"BreadcrumbList","@id":"http:\/\/www.unda.be\/en\/contact-2\/our-contact-details\/#breadcrumb","itemListElement":[{"@type":"ListItem","position":1,"name":"Accueil","item":"http:\/\/www.unda.be\/en\/"},{"@type":"ListItem","position":2,"name":"Contact","item":"http:\/\/www.unda.be\/en\/contact-2\/our-contact-details\/"},{"@type":"ListItem","position":3,"name":"Our contact details"}]},{"@type":"WebSite","@id":"http:\/\/www.unda.be\/#website","url":"http:\/\/www.unda.be\/","name":"Unda","description":"","potentialAction":[{"@type":"SearchAction","target":{"@type":"EntryPoint","urlTemplate":"http:\/\/www.unda.be\/?s={search_term_string}"},"query-input":{"@type":"PropertyValueSpecification","valueRequired":true,"valueName":"search_term_string"}}],"inLanguage":"en-US"}]}},"_links":{"self":[{"href":"http:\/\/www.unda.be\/en\/wp-json\/wp\/v2\/pages\/1214\/"}],"collection":[{"href":"http:\/\/www.unda.be\/en\/wp-json\/wp\/v2\/pages\/"}],"about":[{"href":"http:\/\/www.unda.be\/en\/wp-json\/wp\/v2\/types\/page\/"}],"author":[{"embeddable":true,"href":"http:\/\/www.unda.be\/en\/wp-json\/wp\/v2\/users\/1\/"}],"replies":[{"embeddable":true,"href":"http:\/\/www.unda.be\/en\/wp-json\/wp\/v2\/comments\/?post=1214"}],"version-history":[{"count":9,"href":"http:\/\/www.unda.be\/en\/wp-json\/wp\/v2\/pages\/1214\/revisions\/"}],"predecessor-version":[{"id":1957,"href":"http:\/\/www.unda.be\/en\/wp-json\/wp\/v2\/pages\/1214\/revisions\/1957\/"}],"up":[{"embeddable":true,"href":"http:\/\/www.unda.be\/en\/wp-json\/wp\/v2\/pages\/1227\/"}],"wp:attachment":[{"href":"http:\/\/www.unda.be\/en\/wp-json\/wp\/v2\/media\/?parent=1214"}],"curies":[{"name":"wp","href":"https:\/\/api.w.org\/{rel}","templated":true}]}}