{"id":1205,"date":"2015-05-20T21:26:39","date_gmt":"2015-05-20T20:26:39","guid":{"rendered":"http:\/\/unda.be\/?page_id=1205"},"modified":"2016-07-08T12:30:27","modified_gmt":"2016-07-08T11:30:27","slug":"onze-gegevens","status":"publish","type":"page","link":"https:\/\/www.unda.be\/nl\/contact\/onze-gegevens\/","title":{"rendered":"Onze gegevens"},"content":{"rendered":"<noscript class=\"ninja-forms-noscript-message\">\n\tBericht: JavaScript is vereist voor deze inhoud.<\/noscript>\nGeen velden gevonden.<div id=\"nf-form-5-cont\" class=\"nf-form-cont\" aria-live=\"polite\" aria-labelledby=\"nf-form-title-5\" aria-describedby=\"nf-form-errors-5\" role=\"form\">\n\n    <div class=\"nf-loading-spinner\"><\/div>\n\n<\/div>\n        <!-- That data is being printed as a workaround to page builders reordering the order of the scripts loaded-->\n        <script>var formDisplay=1;var nfForms=nfForms||[];var form=[];form.id='5';form.settings={\"ninjaForms\":\"Ninja Forms\",\"changeEmailErrorMsg\":\"Voer een geldig e-mailadres in!\",\"changeDateErrorMsg\":\"Vul een geldige datum in!\",\"confirmFieldErrorMsg\":\"Deze velden moeten overeenkomen!\",\"fieldNumberNumMinError\":\"Fout met minimumaantal\",\"fieldNumberNumMaxError\":\"Fout met maximumaantal\",\"fieldNumberIncrementBy\":\"Toenemen met \",\"fieldTextareaRTEInsertLink\":\"Koppeling invoegen\",\"fieldTextareaRTEInsertMedia\":\"Media invoegen\",\"fieldTextareaRTESelectAFile\":\"Selecteer een bestand\",\"formErrorsCorrectErrors\":\"Corrigeer de fouten voordat je dit formulier indient.\",\"formHoneypot\":\"Als je een persoon bent die dit veld ziet, laat je het leeg.\",\"validateRequiredField\":\"Dit is een vereist veld.\",\"honeypotHoneypotError\":\"Honeypot fout\",\"fileUploadOldCodeFileUploadInProgress\":\"Bestand wordt ge\\u00fcpload.\",\"fileUploadOldCodeFileUpload\":\"BESTANDSUPLOAD\",\"currencySymbol\":\"$\",\"fieldsMarkedRequired\":\"Velden die gemarkeerd zijn met een <span class=\\\"ninja-forms-req-symbol\\\">*<\\\/span> zijn vereiste velden\",\"thousands_sep\":\".\",\"decimal_point\":\",\",\"siteLocale\":\"nl_NL\",\"dateFormat\":\"d\\\/m\\\/Y\",\"startOfWeek\":\"1\",\"of\":\"van\",\"previousMonth\":\"Vorige maand\",\"nextMonth\":\"Volgende maand\",\"months\":[\"Januari\",\"Februari\",\"Maart\",\"April\",\"Mei\",\"Juni\",\"Juli\",\"Augustus\",\"September\",\"Oktober\",\"November\",\"December\"],\"monthsShort\":[\"Jan\",\"Feb\",\"Mrt\",\"Apr\",\"Mei\",\"Jun\",\"Jul\",\"Aug\",\"Sep\",\"Okt\",\"Nov\",\"Dec\"],\"weekdays\":[\"Zondag\",\"Maandag\",\"Dinsdag\",\"Woensdag\",\"Donderdag\",\"Vrijdag\",\"Zaterdag\"],\"weekdaysShort\":[\"Zon\",\"Maa\",\"Din\",\"Woe\",\"Don\",\"Vri\",\"Zat\"],\"weekdaysMin\":[\"Zo\",\"Ma\",\"Di\",\"Wo\",\"Do\",\"Vr\",\"Za\"],\"recaptchaConsentMissing\":\"reCaptcha validation couldn&#039;t load.\",\"recaptchaMissingCookie\":\"reCaptcha v3 validation couldn&#039;t load the cookie needed to submit the form.\",\"recaptchaConsentEvent\":\"Accept reCaptcha cookies before sending the form.\",\"embed_form\":\"\",\"currency_symbol\":\"\",\"title\":\"\",\"beforeForm\":\"\",\"beforeFields\":\"\",\"afterFields\":\"\",\"afterForm\":\"\"};form.fields=[];nfForms.push(form);<\/script>\n        \n<address><img loading=\"lazy\" decoding=\"async\" class=\"alignnone size-full wp-image-760\" src=\"\/wp-content\/uploads\/2015\/01\/logo.png\" alt=\"logo\" width=\"75\" height=\"75\" \/>Rue de Lorc\u00e9 45<br \/>\n4920 Harz\u00e9<br \/>\nBelgium<\/p>\n<p>T\u00e9l. : 04\/384.43.09<\/p>\n<\/address>\n","protected":false},"excerpt":{"rendered":"<p>Rue de Lorc\u00e9 45 4920 Harz\u00e9 Belgium T\u00e9l. : 04\/384.43.09<\/p>\n","protected":false},"author":1,"featured_media":0,"parent":248,"menu_order":0,"comment_status":"open","ping_status":"open","template":"page-templates\/menu aside.php","meta":{"footnotes":""},"class_list":["post-1205","page","type-page","status-publish","hentry"],"yoast_head":"<!-- This site is optimized with the Yoast SEO plugin v27.4 - https:\/\/yoast.com\/product\/yoast-seo-wordpress\/ -->\n<title>Onze gegevens - Unda<\/title>\n<meta name=\"robots\" content=\"index, follow, max-snippet:-1, max-image-preview:large, max-video-preview:-1\" \/>\n<link rel=\"canonical\" href=\"https:\/\/www.unda.be\/nl\/contact\/onze-gegevens\/\" \/>\n<meta property=\"og:locale\" content=\"nl_NL\" \/>\n<meta property=\"og:type\" content=\"article\" \/>\n<meta property=\"og:title\" content=\"Onze gegevens - Unda\" \/>\n<meta property=\"og:description\" content=\"Rue de Lorc\u00e9 45 4920 Harz\u00e9 Belgium T\u00e9l. : 04\/384.43.09\" \/>\n<meta property=\"og:url\" content=\"https:\/\/www.unda.be\/nl\/contact\/onze-gegevens\/\" \/>\n<meta property=\"og:site_name\" content=\"Unda\" \/>\n<meta property=\"article:modified_time\" content=\"2016-07-08T11:30:27+00:00\" \/>\n<meta name=\"twitter:card\" content=\"summary_large_image\" \/>\n<script type=\"application\/ld+json\" class=\"yoast-schema-graph\">{\"@context\":\"https:\\\/\\\/schema.org\",\"@graph\":[{\"@type\":\"WebPage\",\"@id\":\"https:\\\/\\\/www.unda.be\\\/nl\\\/contact\\\/onze-gegevens\\\/\",\"url\":\"https:\\\/\\\/www.unda.be\\\/nl\\\/contact\\\/onze-gegevens\\\/\",\"name\":\"Onze gegevens - Unda\",\"isPartOf\":{\"@id\":\"http:\\\/\\\/www.unda.be\\\/#website\"},\"datePublished\":\"2015-05-20T20:26:39+00:00\",\"dateModified\":\"2016-07-08T11:30:27+00:00\",\"breadcrumb\":{\"@id\":\"https:\\\/\\\/www.unda.be\\\/nl\\\/contact\\\/onze-gegevens\\\/#breadcrumb\"},\"inLanguage\":\"nl-NL\",\"potentialAction\":[{\"@type\":\"ReadAction\",\"target\":[\"https:\\\/\\\/www.unda.be\\\/nl\\\/contact\\\/onze-gegevens\\\/\"]}]},{\"@type\":\"BreadcrumbList\",\"@id\":\"https:\\\/\\\/www.unda.be\\\/nl\\\/contact\\\/onze-gegevens\\\/#breadcrumb\",\"itemListElement\":[{\"@type\":\"ListItem\",\"position\":1,\"name\":\"Accueil\",\"item\":\"https:\\\/\\\/www.unda.be\\\/nl\\\/\"},{\"@type\":\"ListItem\",\"position\":2,\"name\":\"Contact\",\"item\":\"https:\\\/\\\/www.unda.be\\\/nl\\\/contact\\\/\"},{\"@type\":\"ListItem\",\"position\":3,\"name\":\"Onze gegevens\"}]},{\"@type\":\"WebSite\",\"@id\":\"http:\\\/\\\/www.unda.be\\\/#website\",\"url\":\"http:\\\/\\\/www.unda.be\\\/\",\"name\":\"Unda\",\"description\":\"\",\"potentialAction\":[{\"@type\":\"SearchAction\",\"target\":{\"@type\":\"EntryPoint\",\"urlTemplate\":\"http:\\\/\\\/www.unda.be\\\/?s={search_term_string}\"},\"query-input\":{\"@type\":\"PropertyValueSpecification\",\"valueRequired\":true,\"valueName\":\"search_term_string\"}}],\"inLanguage\":\"nl-NL\"}]}<\/script>\n<!-- \/ Yoast SEO plugin. -->","yoast_head_json":{"title":"Onze gegevens - Unda","robots":{"index":"index","follow":"follow","max-snippet":"max-snippet:-1","max-image-preview":"max-image-preview:large","max-video-preview":"max-video-preview:-1"},"canonical":"https:\/\/www.unda.be\/nl\/contact\/onze-gegevens\/","og_locale":"nl_NL","og_type":"article","og_title":"Onze gegevens - Unda","og_description":"Rue de Lorc\u00e9 45 4920 Harz\u00e9 Belgium T\u00e9l. : 04\/384.43.09","og_url":"https:\/\/www.unda.be\/nl\/contact\/onze-gegevens\/","og_site_name":"Unda","article_modified_time":"2016-07-08T11:30:27+00:00","twitter_card":"summary_large_image","schema":{"@context":"https:\/\/schema.org","@graph":[{"@type":"WebPage","@id":"https:\/\/www.unda.be\/nl\/contact\/onze-gegevens\/","url":"https:\/\/www.unda.be\/nl\/contact\/onze-gegevens\/","name":"Onze gegevens - Unda","isPartOf":{"@id":"http:\/\/www.unda.be\/#website"},"datePublished":"2015-05-20T20:26:39+00:00","dateModified":"2016-07-08T11:30:27+00:00","breadcrumb":{"@id":"https:\/\/www.unda.be\/nl\/contact\/onze-gegevens\/#breadcrumb"},"inLanguage":"nl-NL","potentialAction":[{"@type":"ReadAction","target":["https:\/\/www.unda.be\/nl\/contact\/onze-gegevens\/"]}]},{"@type":"BreadcrumbList","@id":"https:\/\/www.unda.be\/nl\/contact\/onze-gegevens\/#breadcrumb","itemListElement":[{"@type":"ListItem","position":1,"name":"Accueil","item":"https:\/\/www.unda.be\/nl\/"},{"@type":"ListItem","position":2,"name":"Contact","item":"https:\/\/www.unda.be\/nl\/contact\/"},{"@type":"ListItem","position":3,"name":"Onze gegevens"}]},{"@type":"WebSite","@id":"http:\/\/www.unda.be\/#website","url":"http:\/\/www.unda.be\/","name":"Unda","description":"","potentialAction":[{"@type":"SearchAction","target":{"@type":"EntryPoint","urlTemplate":"http:\/\/www.unda.be\/?s={search_term_string}"},"query-input":{"@type":"PropertyValueSpecification","valueRequired":true,"valueName":"search_term_string"}}],"inLanguage":"nl-NL"}]}},"_links":{"self":[{"href":"https:\/\/www.unda.be\/nl\/wp-json\/wp\/v2\/pages\/1205\/"}],"collection":[{"href":"https:\/\/www.unda.be\/nl\/wp-json\/wp\/v2\/pages\/"}],"about":[{"href":"https:\/\/www.unda.be\/nl\/wp-json\/wp\/v2\/types\/page\/"}],"author":[{"embeddable":true,"href":"https:\/\/www.unda.be\/nl\/wp-json\/wp\/v2\/users\/1\/"}],"replies":[{"embeddable":true,"href":"https:\/\/www.unda.be\/nl\/wp-json\/wp\/v2\/comments\/?post=1205"}],"version-history":[{"count":4,"href":"https:\/\/www.unda.be\/nl\/wp-json\/wp\/v2\/pages\/1205\/revisions\/"}],"predecessor-version":[{"id":1956,"href":"https:\/\/www.unda.be\/nl\/wp-json\/wp\/v2\/pages\/1205\/revisions\/1956\/"}],"up":[{"embeddable":true,"href":"https:\/\/www.unda.be\/nl\/wp-json\/wp\/v2\/pages\/248\/"}],"wp:attachment":[{"href":"https:\/\/www.unda.be\/nl\/wp-json\/wp\/v2\/media\/?parent=1205"}],"curies":[{"name":"wp","href":"https:\/\/api.w.org\/{rel}","templated":true}]}}