{"id":252,"date":"2014-12-19T14:30:52","date_gmt":"2014-12-19T13:30:52","guid":{"rendered":"http:\/\/unda.be\/?page_id=252"},"modified":"2022-05-06T14:40:18","modified_gmt":"2022-05-06T13:40:18","slug":"jobs","status":"publish","type":"page","link":"https:\/\/www.unda.be\/nl\/jobs\/","title":{"rendered":"Jobs"},"content":{"rendered":"\n\n\n<p><\/p>\n\n\n\n<p><\/p>\n\n\n\n<p><em>\u00cates-vous \u00e0 la recherche d\u2019un nouveau challenge au sein d&#8217;une entreprise collaborative en plein d\u00e9veloppement\u00a0?<\/em><\/p>\n\n\n\n<p><em>Si oui, vous \u00eates peut-\u00eatre le Responsable Contr\u00f4le Qualit\u00e9 que nous recherchons&nbsp;!<\/em><\/p>\n\n\n\n<h2 class=\"has-text-align-center wp-block-heading\"><strong>QC Manager<\/strong><\/h2>\n\n\n\n<p><\/p>\n\n\n\n<h3 class=\"wp-block-heading\"><strong>Votre fonction<\/strong><\/h3>\n\n\n\n<p>Gestion compl\u00e8te et d\u00e9veloppement du laboratoire de contr\u00f4le qualit\u00e9 de San&#8217;Up. Evaluer et d\u00e9terminer la conformit\u00e9 des mati\u00e8res premi\u00e8res, articles de conditionnement et produits finis selon les r\u00e8gles pr\u00e9vues par la l\u00e9gislation en vigueur sur les produits pharmaceutiques, cosm\u00e9tiques ainsi que les compl\u00e9ments alimentaires.<\/p>\n\n\n\n<p>Les responsabilit\u00e9s suivantes vous sont confi\u00e9es:<\/p>\n\n\n\n<ul class=\"wp-block-list\"><li>Planification, gestion et optimisation quotidienne des activit\u00e9s du laboratoire d&#8217;analyse en respect des proc\u00e9dures, des normes en vigueur et du budget.<\/li><li>Management de son \u00e9quipe (motivation, support, formation, d\u00e9veloppement et suivi des KPI&#8230;).<\/li><li>Suivre et assurer la fiabilit\u00e9 technique et scientifique des analyses effectu\u00e9es.<\/li><li>D\u00e9velopper, optimiser et\/ou valider les m\u00e9thodes analytiques de la mati\u00e8re premi\u00e8re au produit fini.<\/li><li>Assurer la gestion documentaire, les non-conformit\u00e9s, les changes controls et CAPA de votre d\u00e9partement.<\/li><li>G\u00e9rer et maintenir les \u00e9quipements de laboratoire au niveau de qualifications requises.<\/li><li>Participer aux projets R&amp;D et s\u2019assurer du bon d\u00e9roulement des \u00e9tudes de stabilit\u00e9.<\/li><\/ul>\n\n\n\n<p><\/p>\n\n\n\n<h3 class=\"wp-block-heading\"><strong>San\u2019Up<\/strong><\/h3>\n\n\n\n<p><strong>San\u2019Up<\/strong> (anciennement Les laboratoires UNDA) est un laboratoire pharmaceutique certifi\u00e9 GMP et FDA. Nous sommes connus pour nos <strong>produits hom\u00e9opathiques<\/strong> et <strong>de phytoth\u00e9rapie<\/strong>. Nous avons \u00e9galement d\u00e9velopp\u00e9 une expertise dans la conception et la production de compl\u00e9ments alimentaires, ainsi que dans ce qui a trait \u00e0 la cosm\u00e9tologie.<\/p>\n\n\n\n<p>La soci\u00e9t\u00e9 est actuellement en train de vivre un tournant dans son existence en se voyant insuffler une <strong>nouvelle organisation<\/strong> bas\u00e9e sur <strong>l\u2019intelligence collective<\/strong> et surtout des <strong>valeurs<\/strong>&nbsp;ch\u00e8res \u00e0 l\u2019entreprise : Respect, Agilit\u00e9, Stabilit\u00e9, Performance, Coh\u00e9sion, Innovation, Durabilit\u00e9 &nbsp;et Plaisir.<\/p>\n\n\n\n<p><\/p>\n\n\n\n<h3 class=\"wp-block-heading\"><strong>Pour quoi rejoindre San\u2019Up\u00a0?<\/strong><\/h3>\n\n\n\n<p>San\u2019Up vous propose&nbsp;:<\/p>\n\n\n\n<ul class=\"wp-block-list\"><li>L\u2019occasion de participer activement \u00e0 son \u00e9volution, \u00e0 sa <strong>nouvelle dynamique <\/strong>et au d\u00e9ploiement de son nouveau <strong>projet d\u2019entreprise ambitieux.<\/strong><\/li><li>L\u2019opportunit\u00e9 de participer \u00e0 des projets de d\u00e9veloppement de votre d\u00e9partement.<\/li><li>Des responsabilit\u00e9s et de l\u2019<strong>autonomie<\/strong> dans une cadre de <strong>travail collaboratif.<\/strong><\/li><li>La possibilit\u00e9 de travailler main dans la main avec des \u00e9quipes de passionn\u00e9s.<\/li><li>Un cadre de travail agr\u00e9able au sein d\u2019une magnifique r\u00e9gion et <strong>facile d\u2019acc\u00e8s.<\/strong><\/li><li>Un package salarial attractif et assorti d\u2019avantages extra-l\u00e9gaux complets.<\/li><li>Un contrat \u00e0 dur\u00e9e ind\u00e9termin\u00e9e.<\/li><\/ul>\n\n\n\n<p><\/p>\n\n\n\n<h3 class=\"wp-block-heading\"><strong>Votre profil<\/strong><\/h3>\n\n\n\n<ul class=\"wp-block-list\"><li>Vous \u00eates titulaire d&#8217;un bachelier ou d&#8217;un master \u00e0 orientations scientifique (chimie, biochimie, bio-ing\u00e9nieur &#8230;)<\/li><li>Vous b\u00e9n\u00e9ficiez d\u2019une <strong>exp\u00e9rience probante<\/strong> dans une fonction similaire et dans le <strong>domaine pharmaceutique<\/strong> au sens large.<\/li><li>Vous avez des connaissances pratiques des op\u00e9rations g\u00e9n\u00e9rales de laboratoire, ainsi que de bonnes bases des techniques d\u2019analyses microbiologiques.<\/li><li>Vous maitrisez les techniques suivantes: HPLC, GC-MS, TLC, AAS, fluorim\u00e9trie, UV\/Infrared spectrophotom\u00e9trie (UV\/IR), Karl Fischer.<\/li><li>Vous avez de bonnes connaissances des GMP. La connaissance des normes FDA ainsi que le num\u00e9ro QP sont des atouts.<\/li><li>Vous poss\u00e9dez une <strong>\u00e2me d\u2019entrepreneur<\/strong> et \u00eates pr\u00eat \u00e0 vous investir dans un nouveau projet. Vous avez la capacit\u00e9 de prendre en main un projet et d&#8217;aboutir.<\/li><li>Vous \u00eates un v\u00e9ritable <strong>people manager<\/strong> et \u00eates capable d\u2019emmener vos \u00e9quipes vers de nouveaux objectifs dans un esprit collaboratif.<\/li><li>Vous \u00eates rigoureux, m\u00e9thodique, autonome, proactif et ouvert d\u2019esprit.<\/li><li>Vous avez une bonne connaissance du fran\u00e7ais et de l&#8217;anglais.<\/li><\/ul>\n\n\n\n<p><\/p>\n\n\n\n<h3 class=\"wp-block-heading\">Vous d\u00e9sirez nous rejoindre?<\/h3>\n\n\n\n<p>Nous vous invitons \u00e0 envoyer votre candidature \u00e0 l&#8217;adresse mail <a href=\"mailto:job@sanup.be\" target=\"_blank\" rel=\"noreferrer noopener\">job@sanup.be<\/a> <\/p>\n\n\n\n<p><\/p>\n","protected":false},"excerpt":{"rendered":"<p>\u00cates-vous \u00e0 la recherche d\u2019un nouveau challenge au sein d&#8217;une entreprise collaborative en plein d\u00e9veloppement\u00a0? Si oui, vous \u00eates peut-\u00eatre [&hellip;]<\/p>\n","protected":false},"author":1,"featured_media":0,"parent":0,"menu_order":0,"comment_status":"open","ping_status":"open","template":"","meta":{"footnotes":""},"class_list":["post-252","page","type-page","status-publish","hentry"],"yoast_head":"<!-- This site is optimized with the Yoast SEO plugin v27.6 - https:\/\/yoast.com\/product\/yoast-seo-wordpress\/ -->\n<title>Jobs - Unda<\/title>\n<meta name=\"robots\" content=\"index, follow, max-snippet:-1, max-image-preview:large, max-video-preview:-1\" \/>\n<link rel=\"canonical\" href=\"https:\/\/www.unda.be\/nl\/jobs\/\" \/>\n<meta property=\"og:locale\" content=\"nl_NL\" \/>\n<meta property=\"og:type\" content=\"article\" \/>\n<meta property=\"og:title\" content=\"Jobs - Unda\" \/>\n<meta property=\"og:description\" content=\"\u00cates-vous \u00e0 la recherche d\u2019un nouveau challenge au sein d&#8217;une entreprise collaborative en plein d\u00e9veloppement\u00a0? Si oui, vous \u00eates peut-\u00eatre [&hellip;]\" \/>\n<meta property=\"og:url\" content=\"https:\/\/www.unda.be\/nl\/jobs\/\" \/>\n<meta property=\"og:site_name\" content=\"Unda\" \/>\n<meta property=\"article:modified_time\" content=\"2022-05-06T13:40:18+00:00\" \/>\n<meta name=\"twitter:card\" content=\"summary_large_image\" \/>\n<meta name=\"twitter:label1\" content=\"Geschatte leestijd\" \/>\n\t<meta name=\"twitter:data1\" content=\"3 minuten\" \/>\n<script type=\"application\/ld+json\" class=\"yoast-schema-graph\">{\"@context\":\"https:\\\/\\\/schema.org\",\"@graph\":[{\"@type\":\"WebPage\",\"@id\":\"https:\\\/\\\/www.unda.be\\\/nl\\\/jobs\\\/\",\"url\":\"https:\\\/\\\/www.unda.be\\\/nl\\\/jobs\\\/\",\"name\":\"Jobs - Unda\",\"isPartOf\":{\"@id\":\"https:\\\/\\\/www.unda.be\\\/en\\\/#website\"},\"datePublished\":\"2014-12-19T13:30:52+00:00\",\"dateModified\":\"2022-05-06T13:40:18+00:00\",\"breadcrumb\":{\"@id\":\"https:\\\/\\\/www.unda.be\\\/nl\\\/jobs\\\/#breadcrumb\"},\"inLanguage\":\"nl-NL\",\"potentialAction\":[{\"@type\":\"ReadAction\",\"target\":[\"https:\\\/\\\/www.unda.be\\\/nl\\\/jobs\\\/\"]}]},{\"@type\":\"BreadcrumbList\",\"@id\":\"https:\\\/\\\/www.unda.be\\\/nl\\\/jobs\\\/#breadcrumb\",\"itemListElement\":[{\"@type\":\"ListItem\",\"position\":1,\"name\":\"Accueil\",\"item\":\"http:\\\/\\\/www.unda.be\\\/nl\\\/\"},{\"@type\":\"ListItem\",\"position\":2,\"name\":\"Jobs\"}]},{\"@type\":\"WebSite\",\"@id\":\"https:\\\/\\\/www.unda.be\\\/en\\\/#website\",\"url\":\"https:\\\/\\\/www.unda.be\\\/en\\\/\",\"name\":\"Unda\",\"description\":\"\",\"potentialAction\":[{\"@type\":\"SearchAction\",\"target\":{\"@type\":\"EntryPoint\",\"urlTemplate\":\"https:\\\/\\\/www.unda.be\\\/en\\\/?s={search_term_string}\"},\"query-input\":{\"@type\":\"PropertyValueSpecification\",\"valueRequired\":true,\"valueName\":\"search_term_string\"}}],\"inLanguage\":\"nl-NL\"}]}<\/script>\n<!-- \/ Yoast SEO plugin. -->","yoast_head_json":{"title":"Jobs - Unda","robots":{"index":"index","follow":"follow","max-snippet":"max-snippet:-1","max-image-preview":"max-image-preview:large","max-video-preview":"max-video-preview:-1"},"canonical":"https:\/\/www.unda.be\/nl\/jobs\/","og_locale":"nl_NL","og_type":"article","og_title":"Jobs - Unda","og_description":"\u00cates-vous \u00e0 la recherche d\u2019un nouveau challenge au sein d&#8217;une entreprise collaborative en plein d\u00e9veloppement\u00a0? Si oui, vous \u00eates peut-\u00eatre [&hellip;]","og_url":"https:\/\/www.unda.be\/nl\/jobs\/","og_site_name":"Unda","article_modified_time":"2022-05-06T13:40:18+00:00","twitter_card":"summary_large_image","twitter_misc":{"Geschatte leestijd":"3 minuten"},"schema":{"@context":"https:\/\/schema.org","@graph":[{"@type":"WebPage","@id":"https:\/\/www.unda.be\/nl\/jobs\/","url":"https:\/\/www.unda.be\/nl\/jobs\/","name":"Jobs - Unda","isPartOf":{"@id":"https:\/\/www.unda.be\/en\/#website"},"datePublished":"2014-12-19T13:30:52+00:00","dateModified":"2022-05-06T13:40:18+00:00","breadcrumb":{"@id":"https:\/\/www.unda.be\/nl\/jobs\/#breadcrumb"},"inLanguage":"nl-NL","potentialAction":[{"@type":"ReadAction","target":["https:\/\/www.unda.be\/nl\/jobs\/"]}]},{"@type":"BreadcrumbList","@id":"https:\/\/www.unda.be\/nl\/jobs\/#breadcrumb","itemListElement":[{"@type":"ListItem","position":1,"name":"Accueil","item":"http:\/\/www.unda.be\/nl\/"},{"@type":"ListItem","position":2,"name":"Jobs"}]},{"@type":"WebSite","@id":"https:\/\/www.unda.be\/en\/#website","url":"https:\/\/www.unda.be\/en\/","name":"Unda","description":"","potentialAction":[{"@type":"SearchAction","target":{"@type":"EntryPoint","urlTemplate":"https:\/\/www.unda.be\/en\/?s={search_term_string}"},"query-input":{"@type":"PropertyValueSpecification","valueRequired":true,"valueName":"search_term_string"}}],"inLanguage":"nl-NL"}]}},"_links":{"self":[{"href":"https:\/\/www.unda.be\/nl\/wp-json\/wp\/v2\/pages\/252\/"}],"collection":[{"href":"https:\/\/www.unda.be\/nl\/wp-json\/wp\/v2\/pages\/"}],"about":[{"href":"https:\/\/www.unda.be\/nl\/wp-json\/wp\/v2\/types\/page\/"}],"author":[{"embeddable":true,"href":"https:\/\/www.unda.be\/nl\/wp-json\/wp\/v2\/users\/1\/"}],"replies":[{"embeddable":true,"href":"https:\/\/www.unda.be\/nl\/wp-json\/wp\/v2\/comments\/?post=252"}],"version-history":[{"count":3,"href":"https:\/\/www.unda.be\/nl\/wp-json\/wp\/v2\/pages\/252\/revisions\/"}],"predecessor-version":[{"id":18107,"href":"https:\/\/www.unda.be\/nl\/wp-json\/wp\/v2\/pages\/252\/revisions\/18107\/"}],"wp:attachment":[{"href":"https:\/\/www.unda.be\/nl\/wp-json\/wp\/v2\/media\/?parent=252"}],"curies":[{"name":"wp","href":"https:\/\/api.w.org\/{rel}","templated":true}]}}